{"id":644,"date":"2023-04-18T10:08:29","date_gmt":"2023-04-18T10:08:29","guid":{"rendered":"https:\/\/noueixample.cat\/?page_id=644"},"modified":"2023-04-18T11:43:59","modified_gmt":"2023-04-18T11:43:59","slug":"contacte-2","status":"publish","type":"page","link":"https:\/\/noueixample.cat\/index.php\/contacte-2\/","title":{"rendered":"Contacte"},"content":{"rendered":"\n<figure class=\"wp-block-image size-large is-resized\"><img loading=\"lazy\" decoding=\"async\" src=\"https:\/\/noueixample.cat\/wp-content\/uploads\/2023\/04\/bosses-1024x486.jpg\" alt=\"\" class=\"wp-image-670\" width=\"555\" height=\"263\" srcset=\"https:\/\/noueixample.cat\/wp-content\/uploads\/2023\/04\/bosses-1024x486.jpg 1024w, https:\/\/noueixample.cat\/wp-content\/uploads\/2023\/04\/bosses-300x142.jpg 300w, https:\/\/noueixample.cat\/wp-content\/uploads\/2023\/04\/bosses-768x364.jpg 768w, https:\/\/noueixample.cat\/wp-content\/uploads\/2023\/04\/bosses-600x285.jpg 600w, https:\/\/noueixample.cat\/wp-content\/uploads\/2023\/04\/bosses-280x133.jpg 280w, https:\/\/noueixample.cat\/wp-content\/uploads\/2023\/04\/bosses.jpg 1199w\" sizes=\"auto, (max-width: 555px) 100vw, 555px\" \/><\/figure>\n\n\n\n<p class=\"has-text-color\" style=\"color:#1d80b9\"><strong>Formulari de contacte Nou Eixample<\/strong><\/p>\n\n\n\n<p>Sol\u00b7licita informaci\u00f3 sobre els serveis que oferim al comer\u00e7, la restauraci\u00f3 i serveis de proximitat.<\/p>\n\n\n<div class=\"wpforms-container wpforms-container-full wpforms-block\" id=\"wpforms-639\"><form id=\"wpforms-form-639\" class=\"wpforms-validate wpforms-form wpforms-ajax-form\" data-formid=\"639\" method=\"post\" enctype=\"multipart\/form-data\" action=\"\/index.php\/wp-json\/wp\/v2\/pages\/644\" data-token=\"ec69126681ede96ace2c111dcb0031ee\" data-token-time=\"1776428463\"><noscript class=\"wpforms-error-noscript\">Por favor, activa JavaScript en tu navegador para completar este formulario.<\/noscript><div class=\"wpforms-field-container\"><div id=\"wpforms-639-field_15-container\" class=\"wpforms-field wpforms-field-text\" data-field-id=\"15\"><label class=\"wpforms-field-label\" for=\"wpforms-639-field_15\">Nom de l&#039;establiment <span class=\"wpforms-required-label\">*<\/span><\/label><input type=\"text\" id=\"wpforms-639-field_15\" class=\"wpforms-field-medium wpforms-field-required\" name=\"wpforms[fields][15]\" required><\/div><div id=\"wpforms-639-field_14-container\" class=\"wpforms-field wpforms-field-select wpforms-field-select-style-classic\" data-field-id=\"14\"><label class=\"wpforms-field-label\" for=\"wpforms-639-field_14\">Sector comercial <span class=\"wpforms-required-label\">*<\/span><\/label><select id=\"wpforms-639-field_14\" class=\"wpforms-field-medium wpforms-field-required\" name=\"wpforms[fields][14]\" required=\"required\"><option value=\"Alimentaci\u00f3\"  class=\"choice-1 depth-1\"  >Alimentaci\u00f3<\/option><option value=\"Alimentaci\u00f3 i neteja\"  class=\"choice-2 depth-1\"  >Alimentaci\u00f3 i neteja<\/option><option value=\"Cultura i ensenyament\"  class=\"choice-3 depth-1\"  >Cultura i ensenyament<\/option><option value=\"Equipament persona\"  class=\"choice-5 depth-1\"  >Equipament persona<\/option><option value=\"Equipament llar\"  class=\"choice-6 depth-1\"  >Equipament llar<\/option><option value=\"Restauraci\u00f3 i celler\"  class=\"choice-10 depth-1\"  >Restauraci\u00f3 i celler<\/option><option value=\"Salut, est\u00e8tica i veterin\u00e0ria\"  class=\"choice-7 depth-1\"  >Salut, est\u00e8tica i veterin\u00e0ria<\/option><option value=\"Serveis professionals\"  class=\"choice-8 depth-1\"  >Serveis professionals<\/option><option value=\"Altres\"  class=\"choice-9 depth-1\"  >Altres<\/option><\/select><\/div><div id=\"wpforms-639-field_16-container\" class=\"wpforms-field wpforms-field-text\" data-field-id=\"16\"><label class=\"wpforms-field-label\" for=\"wpforms-639-field_16\">Adre\u00e7a <span class=\"wpforms-required-label\">*<\/span><\/label><input type=\"text\" id=\"wpforms-639-field_16\" class=\"wpforms-field-medium wpforms-field-required\" name=\"wpforms[fields][16]\" required><\/div><div id=\"wpforms-639-field_17-container\" class=\"wpforms-field wpforms-field-text\" data-field-id=\"17\"><label class=\"wpforms-field-label\" for=\"wpforms-639-field_17\">Poblaci\u00f3 i Codi Postal <span class=\"wpforms-required-label\">*<\/span><\/label><input type=\"text\" id=\"wpforms-639-field_17\" class=\"wpforms-field-medium wpforms-field-required\" name=\"wpforms[fields][17]\" required><\/div><div id=\"wpforms-639-field_18-container\" class=\"wpforms-field wpforms-field-text\" data-field-id=\"18\"><label class=\"wpforms-field-label\" for=\"wpforms-639-field_18\">Persona de contacte <span class=\"wpforms-required-label\">*<\/span><\/label><input type=\"text\" id=\"wpforms-639-field_18\" class=\"wpforms-field-medium wpforms-field-required\" name=\"wpforms[fields][18]\" required><\/div><div id=\"wpforms-639-field_8-container\" class=\"wpforms-field wpforms-field-email\" data-field-id=\"8\"><label class=\"wpforms-field-label\" for=\"wpforms-639-field_8\">Correu electr\u00f2nic <span class=\"wpforms-required-label\">*<\/span><\/label><input type=\"email\" id=\"wpforms-639-field_8\" class=\"wpforms-field-medium wpforms-field-required\" name=\"wpforms[fields][8]\" spellcheck=\"false\" required><\/div><div id=\"wpforms-639-field_20-container\" class=\"wpforms-field wpforms-field-text\" data-field-id=\"20\"><label class=\"wpforms-field-label\" for=\"wpforms-639-field_20\">Tel\u00e8fon contacte<\/label><input type=\"text\" id=\"wpforms-639-field_20\" class=\"wpforms-field-medium\" name=\"wpforms[fields][20]\" ><\/div><div id=\"wpforms-639-field_10-container\" class=\"wpforms-field wpforms-field-select wpforms-field-select-style-classic\" data-field-id=\"10\"><label class=\"wpforms-field-label\" for=\"wpforms-639-field_10\">Sol\u00b7licito informaci\u00f3 sobre <span class=\"wpforms-required-label\">*<\/span><\/label><select id=\"wpforms-639-field_10\" class=\"wpforms-field-medium wpforms-field-required\" name=\"wpforms[fields][10]\" required=\"required\"><option value=\"Donar-me d&#039;alta com establiment associat\"  class=\"choice-1 depth-1\"  >Donar-me d&#8217;alta com establiment associat<\/option><option value=\"Entrevista i publicitat r\u00e0dio del comer\u00e7\"  class=\"choice-2 depth-1\"  >Entrevista i publicitat r\u00e0dio del comer\u00e7<\/option><option value=\"Participaci\u00f3 als events de promoci\u00f3\"  class=\"choice-3 depth-1\"  >Participaci\u00f3 als events de promoci\u00f3<\/option><\/select><\/div><div id=\"wpforms-639-field_11-container\" class=\"wpforms-field wpforms-field-textarea\" data-field-id=\"11\"><label class=\"wpforms-field-label\" for=\"wpforms-639-field_11\">Missatge<\/label><textarea id=\"wpforms-639-field_11\" class=\"wpforms-field-medium\" name=\"wpforms[fields][11]\" ><\/textarea><\/div><\/div><!-- .wpforms-field-container --><div class=\"wpforms-submit-container\" ><input type=\"hidden\" name=\"wpforms[id]\" value=\"639\"><input type=\"hidden\" name=\"page_title\" value=\"\"><input type=\"hidden\" name=\"page_url\" value=\"https:\/\/noueixample.cat\/index.php\/wp-json\/wp\/v2\/pages\/644\"><input type=\"hidden\" name=\"url_referer\" value=\"\"><button type=\"submit\" name=\"wpforms[submit]\" id=\"wpforms-submit-639\" class=\"wpforms-submit\" data-alt-text=\"Enviando...\" data-submit-text=\"Enviar\" aria-live=\"assertive\" value=\"wpforms-submit\">Enviar<\/button><img loading=\"lazy\" decoding=\"async\" src=\"https:\/\/noueixample.cat\/wp-content\/plugins\/wpforms-lite\/assets\/images\/submit-spin.svg\" class=\"wpforms-submit-spinner\" style=\"display: none;\" width=\"26\" height=\"26\" alt=\"Cargando\"><\/div><\/form><\/div>  <!-- .wpforms-container -->\n\n\n<div class=\"wp-block-columns is-layout-flex wp-container-core-columns-is-layout-9d6595d7 wp-block-columns-is-layout-flex\">\n<div class=\"wp-block-column is-layout-flow wp-block-column-is-layout-flow\">\n<p><\/p>\n\n\n\n<p class=\"has-text-color\" style=\"color:#127bb9\"><strong>Eix Comercial Nou Eixample<\/strong><\/p>\n\n\n\n<p>Cal\u00e0bria, 262 1a planta &#8211; Espai Anna Alabart<\/p>\n\n\n\n<p>08029 Barcelona<\/p>\n\n\n\n<p><a href=\"https:\/\/noueixample.cat\/\">https:\/\/noueixample.cat\/<\/a><\/p>\n<\/div>\n\n\n\n<div class=\"wp-block-column is-layout-flow wp-block-column-is-layout-flow\">\n<p><\/p>\n\n\n\n<p><strong>Horari<\/strong> <strong>d&#8217;atenci\u00f3<\/strong>: <\/p>\n\n\n\n<p>De dilluns a divendres de 10:00h a 14:00h<\/p>\n\n\n\n<p>Tel\u00e8fon: 636690588<\/p>\n\n\n\n<p>Correu: <a href=\"info@noueixample.cat\">info@noueixample.cat<\/a><\/p>\n<\/div>\n<\/div>\n\n\n\n<iframe src=\"https:\/\/www.google.com\/maps\/embed?pb=!1m18!1m12!1m3!1d95745.66915411319!2d2.121728697806295!3d41.41638636257973!2m3!1f0!2f0!3f0!3m2!1i1024!2i768!4f13.1!3m3!1m2!1s0x12a4a2820f012c1b%3A0xe7da75b413c200b3!2sEix%20Comercial%20Nou%20Eixample!5e0!3m2!1ses!2ses!4v1681815168964!5m2!1ses!2ses\" style=\"border:0;\" allowfullscreen=\"\" loading=\"lazy\" referrerpolicy=\"no-referrer-when-downgrade\" width=\"2400\" height=\"300\"><\/iframe>\n","protected":false},"excerpt":{"rendered":"<p>Formulari de contacte Nou Eixample Sol\u00b7licita informaci\u00f3 sobre els serveis que oferim al comer\u00e7, la restauraci\u00f3 i serveis de proximitat. Eix Comercial Nou Eixample Cal\u00e0bria, 262 1a planta &#8211; Espai Anna Alabart 08029 Barcelona https:\/\/noueixample.cat\/ Horari d&#8217;atenci\u00f3: De dilluns a divendres de 10:00h a 14:00h Tel\u00e8fon: 636690588 Correu: info@noueixample.cat<\/p>\n","protected":false},"author":2,"featured_media":0,"parent":0,"menu_order":0,"comment_status":"closed","ping_status":"closed","template":"","meta":{"footnotes":""},"class_list":["post-644","page","type-page","status-publish","hentry"],"_links":{"self":[{"href":"https:\/\/noueixample.cat\/index.php\/wp-json\/wp\/v2\/pages\/644","targetHints":{"allow":["GET"]}}],"collection":[{"href":"https:\/\/noueixample.cat\/index.php\/wp-json\/wp\/v2\/pages"}],"about":[{"href":"https:\/\/noueixample.cat\/index.php\/wp-json\/wp\/v2\/types\/page"}],"author":[{"embeddable":true,"href":"https:\/\/noueixample.cat\/index.php\/wp-json\/wp\/v2\/users\/2"}],"replies":[{"embeddable":true,"href":"https:\/\/noueixample.cat\/index.php\/wp-json\/wp\/v2\/comments?post=644"}],"version-history":[{"count":11,"href":"https:\/\/noueixample.cat\/index.php\/wp-json\/wp\/v2\/pages\/644\/revisions"}],"predecessor-version":[{"id":673,"href":"https:\/\/noueixample.cat\/index.php\/wp-json\/wp\/v2\/pages\/644\/revisions\/673"}],"wp:attachment":[{"href":"https:\/\/noueixample.cat\/index.php\/wp-json\/wp\/v2\/media?parent=644"}],"curies":[{"name":"wp","href":"https:\/\/api.w.org\/{rel}","templated":true}]}}